{"id":2178,"date":"2015-06-20T12:13:12","date_gmt":"2015-06-20T09:13:12","guid":{"rendered":"https:\/\/www.temasteknoloji.com.tr\/?page_id=2178"},"modified":"2024-02-05T16:00:43","modified_gmt":"2024-02-05T13:00:43","slug":"meeting-room-reservation-and-management-system","status":"publish","type":"page","link":"https:\/\/www.temasteknoloji.com.tr\/en\/meeting-room-reservation-and-management-system\/","title":{"rendered":"Meeting Room Reservation and Management System"},"content":{"rendered":"<div class=\"wpb-content-wrapper\"><p>[vc_row row_fullwidth=&#8221;&#8221; row_vertical_center=&#8221;&#8221; row_fullheight=&#8221;&#8221; row_zero_column_space=&#8221;&#8221; bg_parallax=&#8221;off&#8221; bg_slider=&#8221;off&#8221; bg_video=&#8221;off&#8221; bottom_button=&#8221;off&#8221; bottom_button_color=&#8221;#222222&#8243; css=&#8221;.vc_custom_1581599293185{padding-top: 10px !important;}&#8221;][vc_column width=&#8221;1\/2&#8243;][vc_single_image image=&#8221;16663&#8243; img_size=&#8221;full&#8221; alignment=&#8221;center&#8221;][\/vc_column][vc_column width=&#8221;1\/2&#8243;][vc_column_text]<\/p>\n<h3 style=\"text-align: center;\">Meeting Room Reservation and Management System Software<\/h3>\n<p><strong>You can operate your conferences by using the information screens which designed for hotels, corporate companies and establishments which keeps more than one assembly meeting rooms.<\/strong><\/p>\n<p>The system that integrated on MS Outlook reads the conference requesters informations which entered the Ms Outlook and displays real-time on the screens in meeting rooms.<br \/>\nThe system is as simply as home conference request application.<\/p>\n<p>Thanks to this system, you can plan daily, weekly and monthly conferences on the LCD screens where on the conferance hall doors or near the meeting rooms.[\/vc_column_text][\/vc_column][\/vc_row][vc_row bg_type=&#8221;bg_color&#8221; bg_override=&#8221;ex-full&#8221; row_fullwidth=&#8221;&#8221; row_vertical_center=&#8221;&#8221; row_fullheight=&#8221;&#8221; row_zero_column_space=&#8221;&#8221; bg_parallax=&#8221;off&#8221; bg_scroll=&#8221;&#8221; bg_slider=&#8221;off&#8221; bg_video=&#8221;off&#8221; bottom_button=&#8221;off&#8221; bottom_button_color=&#8221;#222222&#8243; bg_color_value=&#8221;#f9f9f9&#8243;][vc_column][vc_row_inner][vc_column_inner width=&#8221;1\/2&#8243;][vc_column_text]<\/p>\n<h2>Application Features<\/h2>\n<ul>\n<li>Easier entry and process for new meeting program<\/li>\n<li>Manages on Outlook and Ms Exchange Server<\/li>\n<li>It provides possibility to add contents lik weather, date and financial information.<\/li>\n<li>Instantly delivers the salon name, beginning-ending of conferance, company name, company logo, conferance topic and conferances on feature<\/li>\n<li>It provides possibility to display video, picture, rss, flash in the remaining time from conferance<\/li>\n<li>Themes on screen design specially to companies<\/li>\n<li>By compliance of a preliminary analysis it can be integrated to ERP program<\/li>\n<\/ul>\n<p>[\/vc_column_text][\/vc_column_inner][vc_column_inner width=&#8221;1\/2&#8243;][vc_column_text]<a class=\"dt-pswp-item\" href=\"https:\/\/www.temasteknoloji.com.tr\/wp-content\/uploads\/2020\/02\/toplanti-odasi-yazilimi-2.jpg\" data-dt-img-description=\"\" data-large_image_width=\"1280\" data-large_image_height=\"720\"><img fetchpriority=\"high\" decoding=\"async\" class=\"alignnone size-full wp-image-15995\" src=\"https:\/\/www.temasteknoloji.com.tr\/wp-content\/uploads\/2020\/02\/toplanti-odasi-yazilimi-2.jpg\" alt=\"\" width=\"1280\" height=\"720\" srcset=\"https:\/\/www.temasteknoloji.com.tr\/wp-content\/uploads\/2020\/02\/toplanti-odasi-yazilimi-2.jpg 1280w, https:\/\/www.temasteknoloji.com.tr\/wp-content\/uploads\/2020\/02\/toplanti-odasi-yazilimi-2-300x169.jpg 300w, https:\/\/www.temasteknoloji.com.tr\/wp-content\/uploads\/2020\/02\/toplanti-odasi-yazilimi-2-1024x576.jpg 1024w, https:\/\/www.temasteknoloji.com.tr\/wp-content\/uploads\/2020\/02\/toplanti-odasi-yazilimi-2-768x432.jpg 768w, https:\/\/www.temasteknoloji.com.tr\/wp-content\/uploads\/2020\/02\/toplanti-odasi-yazilimi-2-600x338.jpg 600w\" sizes=\"(max-width: 1280px) 100vw, 1280px\" \/><\/a>[\/vc_column_text][\/vc_column_inner][\/vc_row_inner][vc_row_inner][vc_column_inner width=&#8221;1\/4&#8243;][vc_single_image image=&#8221;16032&#8243; img_size=&#8221;full&#8221;][\/vc_column_inner][vc_column_inner width=&#8221;1\/4&#8243;][vc_single_image image=&#8221;16030&#8243; img_size=&#8221;full&#8221;][\/vc_column_inner][vc_column_inner width=&#8221;1\/4&#8243;][vc_single_image image=&#8221;16028&#8243; img_size=&#8221;full&#8221;][\/vc_column_inner][vc_column_inner width=&#8221;1\/4&#8243;][vc_single_image image=&#8221;16034&#8243; img_size=&#8221;full&#8221;][\/vc_column_inner][\/vc_row_inner][\/vc_column][\/vc_row][vc_row][vc_column][vc_column_text]<\/p>\n<h3 style=\"text-align: center;\">WORKS ON EVERY DEVICE<\/h3>\n<p style=\"text-align: center;\">Works on LG WebOs, Android, Windows, Raspberry Pi, Samsung and Windows devices. It takes up very little space and does not consume system resources.<\/p>\n<p>[\/vc_column_text][vc_single_image image=&#8221;16018&#8243; img_size=&#8221;full&#8221; alignment=&#8221;center&#8221;][vc_single_image image=&#8221;16660&#8243; img_size=&#8221;full&#8221; alignment=&#8221;center&#8221;]<style type=\"text\/css\" data-type=\"the7_shortcodes-inline-css\">#default-btn-d9e718cd51976d6b5782acc8d4fbdf91.ico-right-side > i {\n  margin-right: 0px;\n  margin-left: 8px;\n}\n#default-btn-d9e718cd51976d6b5782acc8d4fbdf91 > i {\n  margin-right: 8px;\n}\n<\/style><div class=\"btn-align-center\"><a href=\"https:\/\/www.temasteknoloji.com.tr\/en\/contact\/\" class=\"default-btn-shortcode dt-btn dt-btn-l fadeIn animate-element animation-builder link-hover-off \" id=\"default-btn-d9e718cd51976d6b5782acc8d4fbdf91\"><i class=\"icomoon-the7-font-the7-mw-mail-04\"><\/i><span>Get a quote<\/span><\/a><\/div>[\/vc_column][\/vc_row]<\/p>\n<\/div>","protected":false},"excerpt":{"rendered":"<p>[vc_row row_fullwidth=&#8221;&#8221; row_vertical_center=&#8221;&#8221; row_fullheight=&#8221;&#8221; row_zero_column_space=&#8221;&#8221; bg_parallax=&#8221;off&#8221; bg_slider=&#8221;off&#8221; bg_video=&#8221;off&#8221; bottom_button=&#8221;off&#8221; bottom_button_color=&#8221;#222222&#8243; css=&#8221;.vc_custom_1581599293185{padding-top: 10px !important;}&#8221;][vc_column width=&#8221;1\/2&#8243;][vc_single_image image=&#8221;16663&#8243; img_size=&#8221;full&#8221; alignment=&#8221;center&#8221;][\/vc_column][vc_column width=&#8221;1\/2&#8243;][vc_column_text] Meeting Room Reservation and Management System Software You can operate your conferences by using the information screens which designed for hotels, corporate companies and establishments which keeps more than one assembly meeting rooms. The system that integrated&hellip;<\/p>\n","protected":false},"author":1,"featured_media":370,"parent":0,"menu_order":0,"comment_status":"closed","ping_status":"closed","template":"","meta":{"footnotes":""},"class_list":["post-2178","page","type-page","status-publish","has-post-thumbnail","hentry","description-off"],"yoast_head":"<!-- This site is optimized with the Yoast SEO plugin v26.1.1 - https:\/\/yoast.com\/wordpress\/plugins\/seo\/ -->\n<title>Meeting Room Reservation and Management System<\/title>\n<meta name=\"description\" content=\"You can operate your conferences by using the information screens which designed for hotels, corporate companies and establishments which keeps more than one assembly meeting rooms\" \/>\n<meta name=\"robots\" content=\"index, follow, max-snippet:-1, max-image-preview:large, max-video-preview:-1\" \/>\n<link rel=\"canonical\" href=\"https:\/\/www.temasteknoloji.com.tr\/en\/meeting-room-reservation-and-management-system\/\" \/>\n<meta property=\"og:locale\" content=\"en_US\" \/>\n<meta property=\"og:type\" content=\"article\" \/>\n<meta property=\"og:title\" content=\"Meeting Room Reservation and Management System\" \/>\n<meta property=\"og:description\" content=\"You can operate your conferences by using the information screens which designed for hotels, corporate companies and establishments which keeps more than one assembly meeting rooms\" \/>\n<meta property=\"og:url\" content=\"https:\/\/www.temasteknoloji.com.tr\/en\/meeting-room-reservation-and-management-system\/\" \/>\n<meta property=\"og:site_name\" content=\"Digital Signage | TEMAS TEKNOLOJ\u0130\" \/>\n<meta property=\"article:publisher\" content=\"https:\/\/www.facebook.com\/temasteknolojitr\/\" \/>\n<meta property=\"article:modified_time\" content=\"2024-02-05T13:00:43+00:00\" \/>\n<meta property=\"og:image\" content=\"https:\/\/www.temasteknoloji.com.tr\/wp-content\/uploads\/2013\/11\/crea-ankastre-lcd-ekran-onecikan-gorsel.png\" \/>\n\t<meta property=\"og:image:width\" content=\"1000\" \/>\n\t<meta property=\"og:image:height\" content=\"1000\" \/>\n\t<meta property=\"og:image:type\" content=\"image\/png\" \/>\n<meta name=\"twitter:card\" content=\"summary_large_image\" \/>\n<meta name=\"twitter:label1\" content=\"Est. reading time\" \/>\n\t<meta name=\"twitter:data1\" content=\"2 minutes\" \/>\n<script type=\"application\/ld+json\" class=\"yoast-schema-graph\">{\"@context\":\"https:\/\/schema.org\",\"@graph\":[{\"@type\":\"WebPage\",\"@id\":\"https:\/\/www.temasteknoloji.com.tr\/en\/meeting-room-reservation-and-management-system\/\",\"url\":\"https:\/\/www.temasteknoloji.com.tr\/en\/meeting-room-reservation-and-management-system\/\",\"name\":\"Meeting Room Reservation and Management System\",\"isPartOf\":{\"@id\":\"https:\/\/www.temasteknoloji.com.tr\/en\/#website\"},\"primaryImageOfPage\":{\"@id\":\"https:\/\/www.temasteknoloji.com.tr\/en\/meeting-room-reservation-and-management-system\/#primaryimage\"},\"image\":{\"@id\":\"https:\/\/www.temasteknoloji.com.tr\/en\/meeting-room-reservation-and-management-system\/#primaryimage\"},\"thumbnailUrl\":\"https:\/\/www.temasteknoloji.com.tr\/wp-content\/uploads\/2013\/11\/crea-ankastre-lcd-ekran-onecikan-gorsel.png\",\"datePublished\":\"2015-06-20T09:13:12+00:00\",\"dateModified\":\"2024-02-05T13:00:43+00:00\",\"description\":\"You can operate your conferences by using the information screens which designed for hotels, corporate companies and establishments which keeps more than one assembly meeting rooms\",\"breadcrumb\":{\"@id\":\"https:\/\/www.temasteknoloji.com.tr\/en\/meeting-room-reservation-and-management-system\/#breadcrumb\"},\"inLanguage\":\"en-US\",\"potentialAction\":[{\"@type\":\"ReadAction\",\"target\":[\"https:\/\/www.temasteknoloji.com.tr\/en\/meeting-room-reservation-and-management-system\/\"]}]},{\"@type\":\"ImageObject\",\"inLanguage\":\"en-US\",\"@id\":\"https:\/\/www.temasteknoloji.com.tr\/en\/meeting-room-reservation-and-management-system\/#primaryimage\",\"url\":\"https:\/\/www.temasteknoloji.com.tr\/wp-content\/uploads\/2013\/11\/crea-ankastre-lcd-ekran-onecikan-gorsel.png\",\"contentUrl\":\"https:\/\/www.temasteknoloji.com.tr\/wp-content\/uploads\/2013\/11\/crea-ankastre-lcd-ekran-onecikan-gorsel.png\",\"width\":1000,\"height\":1000,\"caption\":\"Topland\u0131 odas\u0131 ekranlar\u0131\"},{\"@type\":\"BreadcrumbList\",\"@id\":\"https:\/\/www.temasteknoloji.com.tr\/en\/meeting-room-reservation-and-management-system\/#breadcrumb\",\"itemListElement\":[{\"@type\":\"ListItem\",\"position\":1,\"name\":\"Ana Sayfa\",\"item\":\"https:\/\/www.temasteknoloji.com.tr\/en\/\"},{\"@type\":\"ListItem\",\"position\":2,\"name\":\"Meeting Room Reservation and Management System\"}]},{\"@type\":\"WebSite\",\"@id\":\"https:\/\/www.temasteknoloji.com.tr\/en\/#website\",\"url\":\"https:\/\/www.temasteknoloji.com.tr\/en\/\",\"name\":\"Digital Signage, Video Konferans, Profesyonel G\u00f6r\u00fcnt\u00fc ve Ses Sistemleri\",\"description\":\"Digital Signage &amp; Digital Interactive Display Solutions\",\"publisher\":{\"@id\":\"https:\/\/www.temasteknoloji.com.tr\/en\/#organization\"},\"alternateName\":\"TEMAS TEKNOLOJ\u0130\",\"potentialAction\":[{\"@type\":\"SearchAction\",\"target\":{\"@type\":\"EntryPoint\",\"urlTemplate\":\"https:\/\/www.temasteknoloji.com.tr\/en\/?s={search_term_string}\"},\"query-input\":{\"@type\":\"PropertyValueSpecification\",\"valueRequired\":true,\"valueName\":\"search_term_string\"}}],\"inLanguage\":\"en-US\"},{\"@type\":\"Organization\",\"@id\":\"https:\/\/www.temasteknoloji.com.tr\/en\/#organization\",\"name\":\"Temas Teknoloji\",\"url\":\"https:\/\/www.temasteknoloji.com.tr\/en\/\",\"logo\":{\"@type\":\"ImageObject\",\"inLanguage\":\"en-US\",\"@id\":\"https:\/\/www.temasteknoloji.com.tr\/en\/#\/schema\/logo\/image\/\",\"url\":\"https:\/\/www.temasteknoloji.com.tr\/wp-content\/uploads\/2020\/01\/temaslogo1.png\",\"contentUrl\":\"https:\/\/www.temasteknoloji.com.tr\/wp-content\/uploads\/2020\/01\/temaslogo1.png\",\"width\":150,\"height\":43,\"caption\":\"Temas Teknoloji\"},\"image\":{\"@id\":\"https:\/\/www.temasteknoloji.com.tr\/en\/#\/schema\/logo\/image\/\"},\"sameAs\":[\"https:\/\/www.facebook.com\/temasteknolojitr\/\",\"https:\/\/www.linkedin.com\/company\/temastechnology\/\",\"https:\/\/www.instagram.com\/temasteknoloji\/\"]}]}<\/script>\n<!-- \/ Yoast SEO plugin. -->","yoast_head_json":{"title":"Meeting Room Reservation and Management System","description":"You can operate your conferences by using the information screens which designed for hotels, corporate companies and establishments which keeps more than one assembly meeting rooms","robots":{"index":"index","follow":"follow","max-snippet":"max-snippet:-1","max-image-preview":"max-image-preview:large","max-video-preview":"max-video-preview:-1"},"canonical":"https:\/\/www.temasteknoloji.com.tr\/en\/meeting-room-reservation-and-management-system\/","og_locale":"en_US","og_type":"article","og_title":"Meeting Room Reservation and Management System","og_description":"You can operate your conferences by using the information screens which designed for hotels, corporate companies and establishments which keeps more than one assembly meeting rooms","og_url":"https:\/\/www.temasteknoloji.com.tr\/en\/meeting-room-reservation-and-management-system\/","og_site_name":"Digital Signage | TEMAS TEKNOLOJ\u0130","article_publisher":"https:\/\/www.facebook.com\/temasteknolojitr\/","article_modified_time":"2024-02-05T13:00:43+00:00","og_image":[{"width":1000,"height":1000,"url":"https:\/\/www.temasteknoloji.com.tr\/wp-content\/uploads\/2013\/11\/crea-ankastre-lcd-ekran-onecikan-gorsel.png","type":"image\/png"}],"twitter_card":"summary_large_image","twitter_misc":{"Est. reading time":"2 minutes"},"schema":{"@context":"https:\/\/schema.org","@graph":[{"@type":"WebPage","@id":"https:\/\/www.temasteknoloji.com.tr\/en\/meeting-room-reservation-and-management-system\/","url":"https:\/\/www.temasteknoloji.com.tr\/en\/meeting-room-reservation-and-management-system\/","name":"Meeting Room Reservation and Management System","isPartOf":{"@id":"https:\/\/www.temasteknoloji.com.tr\/en\/#website"},"primaryImageOfPage":{"@id":"https:\/\/www.temasteknoloji.com.tr\/en\/meeting-room-reservation-and-management-system\/#primaryimage"},"image":{"@id":"https:\/\/www.temasteknoloji.com.tr\/en\/meeting-room-reservation-and-management-system\/#primaryimage"},"thumbnailUrl":"https:\/\/www.temasteknoloji.com.tr\/wp-content\/uploads\/2013\/11\/crea-ankastre-lcd-ekran-onecikan-gorsel.png","datePublished":"2015-06-20T09:13:12+00:00","dateModified":"2024-02-05T13:00:43+00:00","description":"You can operate your conferences by using the information screens which designed for hotels, corporate companies and establishments which keeps more than one assembly meeting rooms","breadcrumb":{"@id":"https:\/\/www.temasteknoloji.com.tr\/en\/meeting-room-reservation-and-management-system\/#breadcrumb"},"inLanguage":"en-US","potentialAction":[{"@type":"ReadAction","target":["https:\/\/www.temasteknoloji.com.tr\/en\/meeting-room-reservation-and-management-system\/"]}]},{"@type":"ImageObject","inLanguage":"en-US","@id":"https:\/\/www.temasteknoloji.com.tr\/en\/meeting-room-reservation-and-management-system\/#primaryimage","url":"https:\/\/www.temasteknoloji.com.tr\/wp-content\/uploads\/2013\/11\/crea-ankastre-lcd-ekran-onecikan-gorsel.png","contentUrl":"https:\/\/www.temasteknoloji.com.tr\/wp-content\/uploads\/2013\/11\/crea-ankastre-lcd-ekran-onecikan-gorsel.png","width":1000,"height":1000,"caption":"Topland\u0131 odas\u0131 ekranlar\u0131"},{"@type":"BreadcrumbList","@id":"https:\/\/www.temasteknoloji.com.tr\/en\/meeting-room-reservation-and-management-system\/#breadcrumb","itemListElement":[{"@type":"ListItem","position":1,"name":"Ana Sayfa","item":"https:\/\/www.temasteknoloji.com.tr\/en\/"},{"@type":"ListItem","position":2,"name":"Meeting Room Reservation and Management System"}]},{"@type":"WebSite","@id":"https:\/\/www.temasteknoloji.com.tr\/en\/#website","url":"https:\/\/www.temasteknoloji.com.tr\/en\/","name":"Digital Signage, Video Konferans, Profesyonel G\u00f6r\u00fcnt\u00fc ve Ses Sistemleri","description":"Digital Signage &amp; Digital Interactive Display Solutions","publisher":{"@id":"https:\/\/www.temasteknoloji.com.tr\/en\/#organization"},"alternateName":"TEMAS TEKNOLOJ\u0130","potentialAction":[{"@type":"SearchAction","target":{"@type":"EntryPoint","urlTemplate":"https:\/\/www.temasteknoloji.com.tr\/en\/?s={search_term_string}"},"query-input":{"@type":"PropertyValueSpecification","valueRequired":true,"valueName":"search_term_string"}}],"inLanguage":"en-US"},{"@type":"Organization","@id":"https:\/\/www.temasteknoloji.com.tr\/en\/#organization","name":"Temas Teknoloji","url":"https:\/\/www.temasteknoloji.com.tr\/en\/","logo":{"@type":"ImageObject","inLanguage":"en-US","@id":"https:\/\/www.temasteknoloji.com.tr\/en\/#\/schema\/logo\/image\/","url":"https:\/\/www.temasteknoloji.com.tr\/wp-content\/uploads\/2020\/01\/temaslogo1.png","contentUrl":"https:\/\/www.temasteknoloji.com.tr\/wp-content\/uploads\/2020\/01\/temaslogo1.png","width":150,"height":43,"caption":"Temas Teknoloji"},"image":{"@id":"https:\/\/www.temasteknoloji.com.tr\/en\/#\/schema\/logo\/image\/"},"sameAs":["https:\/\/www.facebook.com\/temasteknolojitr\/","https:\/\/www.linkedin.com\/company\/temastechnology\/","https:\/\/www.instagram.com\/temasteknoloji\/"]}]}},"_links":{"self":[{"href":"https:\/\/www.temasteknoloji.com.tr\/en\/wp-json\/wp\/v2\/pages\/2178","targetHints":{"allow":["GET"]}}],"collection":[{"href":"https:\/\/www.temasteknoloji.com.tr\/en\/wp-json\/wp\/v2\/pages"}],"about":[{"href":"https:\/\/www.temasteknoloji.com.tr\/en\/wp-json\/wp\/v2\/types\/page"}],"author":[{"embeddable":true,"href":"https:\/\/www.temasteknoloji.com.tr\/en\/wp-json\/wp\/v2\/users\/1"}],"replies":[{"embeddable":true,"href":"https:\/\/www.temasteknoloji.com.tr\/en\/wp-json\/wp\/v2\/comments?post=2178"}],"version-history":[{"count":2,"href":"https:\/\/www.temasteknoloji.com.tr\/en\/wp-json\/wp\/v2\/pages\/2178\/revisions"}],"predecessor-version":[{"id":60444,"href":"https:\/\/www.temasteknoloji.com.tr\/en\/wp-json\/wp\/v2\/pages\/2178\/revisions\/60444"}],"wp:featuredmedia":[{"embeddable":true,"href":"https:\/\/www.temasteknoloji.com.tr\/en\/wp-json\/wp\/v2\/media\/370"}],"wp:attachment":[{"href":"https:\/\/www.temasteknoloji.com.tr\/en\/wp-json\/wp\/v2\/media?parent=2178"}],"curies":[{"name":"wp","href":"https:\/\/api.w.org\/{rel}","templated":true}]}}