{"id":2139,"date":"2015-06-20T10:40:26","date_gmt":"2015-06-20T07:40:26","guid":{"rendered":"https:\/\/www.temasteknoloji.com.tr\/?page_id=2139"},"modified":"2024-02-05T15:59:28","modified_gmt":"2024-02-05T12:59:28","slug":"meeting-room-screens","status":"publish","type":"page","link":"https:\/\/www.temasteknoloji.com.tr\/en\/meeting-room-screens\/","title":{"rendered":"Meeting Room Screens"},"content":{"rendered":"<div class=\"wpb-content-wrapper\"><p>[vc_row row_fullwidth=&#8221;&#8221; row_vertical_center=&#8221;&#8221; row_fullheight=&#8221;&#8221; row_zero_column_space=&#8221;&#8221; bg_parallax=&#8221;off&#8221; bg_slider=&#8221;off&#8221; bg_video=&#8221;off&#8221; bottom_button=&#8221;off&#8221; bottom_button_color=&#8221;#222222&#8243; css=&#8221;.vc_custom_1433756055472{margin-top: 2px !important;}&#8221;][vc_column width=&#8221;1\/2&#8243;][vc_single_image image=&#8221;15937&#8243; img_size=&#8221;full&#8221;][\/vc_column][vc_column width=&#8221;1\/2&#8243;][vc_column_text]<\/p>\n<h2 style=\"text-align: center;\">Meeting Room Screens<\/h2>\n<p>You can operate your conferences by using the information screens which designed for hotels, corporate companies and establishments which keeps more than one assembly halls.<\/p>\n<p>The system that integrated on MS Outlook reads the conference requesters informations which entered the Ms Outlook and displays real-time on the screens in conference halls. The system is as simply as home conference request application.[\/vc_column_text][\/vc_column][\/vc_row][vc_row disable_element=&#8221;yes&#8221; bg_type=&#8221;bg_color&#8221; bg_override=&#8221;ex-full&#8221; bg_color_value=&#8221;#f4f4f4&#8243;][vc_column width=&#8221;1\/3&#8243;][vc_column_text]<\/p>\n<h3>Features<\/h3>\n<ul>\n<li>Black, white, grey, silver, golden or special election colors<\/li>\n<li>15&#8243;-22&#8243; screen options<\/li>\n<li>Industrial screen (available for vertical-horizontal using)<\/li>\n<li>Remote management program(Optionals)<\/li>\n<li>Vandal protected glass (Optionals)<\/li>\n<\/ul>\n<p>[\/vc_column_text][\/vc_column][vc_column width=&#8221;2\/3&#8243;][vc_single_image image=&#8221;15939&#8243; img_size=&#8221;full&#8221; alignment=&#8221;center&#8221;][\/vc_column][\/vc_row][vc_row][vc_column width=&#8221;2\/3&#8243;][vc_single_image image=&#8221;18690&#8243; img_size=&#8221;full&#8221;][\/vc_column][vc_column width=&#8221;1\/3&#8243;][vc_empty_space height=&#8221;22px&#8221;][vc_column_text]<\/p>\n<h3 style=\"text-align: center;\">Samsung Meeting Room Screen<\/h3>\n<p style=\"text-align: center;\">QB13R \/ QB13R-T<\/p>\n<p>[\/vc_column_text][vc_table vc_table_theme=&#8221;simple&#8221;][borders_all]Diagonal%20Size,[borders_all]13%22|[borders_all]Brightness,[borders_all]300%20Nit|[borders_all]OS,[borders_all]Tizen%20(SSSP)|[borders_all]Touch%20Screen,[borders_all]Yes%20(QB13R-T)|[borders_all]Resolution,[borders_all]1920&#215;1080[\/vc_table][vc_empty_space height=&#8221;5px&#8221;][vc_single_image image=&#8221;18732&#8243; img_size=&#8221;full&#8221; alignment=&#8221;center&#8221;][vc_empty_space height=&#8221;5px&#8221;]<style type=\"text\/css\" data-type=\"the7_shortcodes-inline-css\">#default-btn-1e82bd554e806b36fc13f5683cd3c194.ico-right-side > i {\n  margin-right: 0px;\n  margin-left: 8px;\n}\n#default-btn-1e82bd554e806b36fc13f5683cd3c194 > i {\n  margin-right: 8px;\n}\n<\/style><div class=\"btn-align-center\"><a href=\"https:\/\/www.temasteknoloji.com.tr\/wp-content\/uploads\/2020\/12\/13-Samsung-QB13R-Meeting-Room-Screen.pdf\" class=\"default-btn-shortcode dt-btn dt-btn-m link-hover-off \" target=\"_blank\" id=\"default-btn-1e82bd554e806b36fc13f5683cd3c194\" rel=\"noopener\"><span>Download Datasheet<\/span><\/a><\/div>[\/vc_column][\/vc_row][vc_row][vc_column][vc_separator][\/vc_column][\/vc_row][vc_row][vc_column width=&#8221;2\/3&#8243;][vc_single_image image=&#8221;18705&#8243; img_size=&#8221;full&#8221;][\/vc_column][vc_column width=&#8221;1\/3&#8243;][vc_empty_space height=&#8221;22px&#8221;][vc_column_text]<\/p>\n<h3 style=\"text-align: center;\">Iiyama Meeting Room Screen<\/h3>\n<p style=\"text-align: center;\">TW1023ASC-B1P<\/p>\n<p>[\/vc_column_text][vc_table vc_table_theme=&#8221;simple&#8221;][borders_all]Diagonal%20Size,[borders_all]10.1%22|[borders_all]Brightness,[borders_all]385%20Nit|[borders_all]OS,[borders_all]Android%208.1|[borders_all]Touch%20Screen,[borders_all]Yes|[borders_all]Resolution,[borders_all]1280&#215;800|[borders_all]POE,[borders_all]YES[\/vc_table][vc_empty_space height=&#8221;5px&#8221;][vc_single_image image=&#8221;18728&#8243; img_size=&#8221;full&#8221; alignment=&#8221;center&#8221;][vc_empty_space height=&#8221;5px&#8221;]<style type=\"text\/css\" data-type=\"the7_shortcodes-inline-css\">#default-btn-dab3edb4e0e211e4239d4d9e33425a38.ico-right-side > i {\n  margin-right: 0px;\n  margin-left: 8px;\n}\n#default-btn-dab3edb4e0e211e4239d4d9e33425a38 > i {\n  margin-right: 8px;\n}\n<\/style><div class=\"btn-align-center\"><a href=\"https:\/\/www.temasteknoloji.com.tr\/wp-content\/uploads\/2020\/12\/10-iiyama-TW1023ASC-B1P-Meeting-Room-Screen.pdf\" class=\"default-btn-shortcode dt-btn dt-btn-m link-hover-off \" target=\"_blank\" id=\"default-btn-dab3edb4e0e211e4239d4d9e33425a38\" rel=\"noopener\"><span>Download Datasheet<\/span><\/a><\/div>[\/vc_column][\/vc_row][vc_row][vc_column][vc_separator][\/vc_column][\/vc_row][vc_row][vc_column width=&#8221;2\/3&#8243;][vc_single_image image=&#8221;18694&#8243; img_size=&#8221;full&#8221;][\/vc_column][vc_column width=&#8221;1\/3&#8243;][vc_empty_space height=&#8221;22px&#8221;][vc_column_text]<\/p>\n<h3 style=\"text-align: center;\">Iiyama Meeting Room Screen<\/h3>\n<p style=\"text-align: center;\">TW1523AS-B1P<\/p>\n<p>[\/vc_column_text][vc_table vc_table_theme=&#8221;simple&#8221;][borders_all]Diagonal%20Size,[borders_all]15.6%22|[borders_all]Brightness,[borders_all]450%20Nit|[borders_all]OS,[borders_all]Android%208.1|[borders_all]Touch%20Screen,[borders_all]Yes|[borders_all]Resolution,[borders_all]1920X1080|[borders_all]POE,[borders_all]YES[\/vc_table][vc_empty_space height=&#8221;5px&#8221;][vc_single_image image=&#8221;18721&#8243; img_size=&#8221;full&#8221; alignment=&#8221;center&#8221;][vc_empty_space height=&#8221;5px&#8221;]<style type=\"text\/css\" data-type=\"the7_shortcodes-inline-css\">#default-btn-99d40dfb7a0e0440bb79f80222aa87c3.ico-right-side > i {\n  margin-right: 0px;\n  margin-left: 8px;\n}\n#default-btn-99d40dfb7a0e0440bb79f80222aa87c3 > i {\n  margin-right: 8px;\n}\n<\/style><div class=\"btn-align-center\"><a href=\"https:\/\/www.temasteknoloji.com.tr\/wp-content\/uploads\/2020\/12\/15-iiyama-TW1523AS-B1P-Meeting-Room-Screen.pdf\" class=\"default-btn-shortcode dt-btn dt-btn-m link-hover-off \" target=\"_blank\" id=\"default-btn-99d40dfb7a0e0440bb79f80222aa87c3\" rel=\"noopener\"><span>Download Datasheet<\/span><\/a><\/div>[\/vc_column][\/vc_row][vc_row bg_type=&#8221;bg_color&#8221; bg_color_value=&#8221;#f9f9f9&#8243;][vc_column][vc_column_text]<\/p>\n<h2 style=\"text-align: center;\">Enhanced communication in a compact display<\/h2>\n<p style=\"text-align: center;\">Meeting Room Screens enables personalized and more impactful communication through its compact and versatile design. An all-in-one solution designed for professional use, Meeting Room Screens improves the operational efficiency of content, while also ensuring reliable performance for any business use.<\/p>\n<p>[\/vc_column_text][vc_single_image image=&#8221;18664&#8243; img_size=&#8221;full&#8221; alignment=&#8221;center&#8221;][\/vc_column][\/vc_row][vc_row bg_type=&#8221;bg_color&#8221;][vc_column][vc_column_text]<\/p>\n<h2 style=\"text-align: center;\">Compatible with Meeting Room Booking Software<\/h2>\n<p style=\"text-align: center;\">The system that integrated on MS Outlook, GSuite, Office 365 reads the conference requesters informations which entered the E-Mail Client Application and displays real-time on the screens in meeting rooms.<\/p>\n<p style=\"text-align: center;\">iiyama and Samsung screens are compatible with our meeting room booking software.<\/p>\n<p>[\/vc_column_text][vc_single_image image=&#8221;18669&#8243; img_size=&#8221;full&#8221; alignment=&#8221;center&#8221;]<style type=\"text\/css\" data-type=\"the7_shortcodes-inline-css\">#default-btn-55b9d4b5e7a39584db8d27251a8e69a5.ico-right-side > i {\n  margin-right: 0px;\n  margin-left: 8px;\n}\n#default-btn-55b9d4b5e7a39584db8d27251a8e69a5 > i {\n  margin-right: 8px;\n}\n<\/style><div class=\"btn-align-center\"><a href=\"https:\/\/www.temasteknoloji.com.tr\/en\/meeting-room-reservation-and-management-system\/\" class=\"default-btn-shortcode dt-btn dt-btn-m link-hover-off \" id=\"default-btn-55b9d4b5e7a39584db8d27251a8e69a5\"><span>Learn more about meeting room booking software<\/span><\/a><\/div>[\/vc_column][\/vc_row][vc_row bg_type=&#8221;image&#8221; parallax_style=&#8221;vcpb-vz-jquery&#8221; bg_override=&#8221;ex-full&#8221; fadeout_row=&#8221;fadeout_row_value&#8221; fadeout_start_effect=&#8221;30&#8243; enable_overlay=&#8221;enable_overlay_value&#8221; overlay_color=&#8221;rgba(38,45,55,0.5)&#8221; seperator_enable=&#8221;seperator_enable_value&#8221; seperator_type=&#8221;tilt_left_seperator&#8221; seperator_position=&#8221;top_bottom_seperator&#8221; seperator_svg_height=&#8221;100&#8243;][vc_column css=&#8221;.vc_custom_1560418610056{padding-top: 150px !important;padding-bottom: 150px !important;}&#8221; offset=&#8221;vc_col-lg-offset-2 vc_col-lg-8&#8243;]<div id=\"ultimate-heading-891769dbf5b0348f0\" class=\"uvc-heading ult-adjust-bottom-margin ultimate-heading-891769dbf5b0348f0 uvc-2979 accent-subtitle-color uvc-heading-default-font-sizes\" data-hspacer=\"no_spacer\"  data-halign=\"center\" style=\"text-align:center\"><div class=\"uvc-heading-spacer no_spacer\" style=\"top\"><\/div><div class=\"uvc-main-heading ult-responsive\"  data-ultimate-target='.uvc-heading.ultimate-heading-891769dbf5b0348f0 h3'  data-responsive-json-new='{\"font-size\":\"\",\"line-height\":\"\"}' ><h3 style=\"font-weight:bold;color:#ffffff;margin-bottom:15px;\">Would you like to start a new project?<\/h3><\/div><div class=\"uvc-sub-heading ult-responsive\"  data-ultimate-target='.uvc-heading.ultimate-heading-891769dbf5b0348f0 .uvc-sub-heading '  data-responsive-json-new='{\"font-size\":\"desktop:24px;\",\"line-height\":\"desktop:34px;\"}'  style=\"font-weight:bold;color:#262d37;\">Contact us for information about our meetig room solutions<\/div><\/div><style type=\"text\/css\" data-type=\"the7_shortcodes-inline-css\">#default-btn-93e7a1bba1d04549620165fa27ba9823 {\n  border-radius: 100px;\n  font-size: 14px;\n  line-height: 16px;\n}\n.btn-shadow#default-btn-93e7a1bba1d04549620165fa27ba9823 {\n  box-shadow: 0 1px 6px rgba(0,0,0,0.12);\n  transition: box-shadow 0.2s ease-out, opacity 0.45s;\n}\n.btn-shadow#default-btn-93e7a1bba1d04549620165fa27ba9823:hover {\n  box-shadow: 0 5px 11px 0 rgba(0,0,0,0.18), 0 4px 15px 0 rgba(0,0,0,0.15);\n}\n.btn-flat#default-btn-93e7a1bba1d04549620165fa27ba9823 {\n  box-shadow: none;\n}\n.btn-flat#default-btn-93e7a1bba1d04549620165fa27ba9823:hover {\n  box-shadow: none;\n}\n#default-btn-93e7a1bba1d04549620165fa27ba9823.ico-right-side > i {\n  margin-right: 0px;\n  margin-left: 8px;\n}\n#default-btn-93e7a1bba1d04549620165fa27ba9823 > i {\n  margin-right: 8px;\n  font-size: 14px;\n}\n#default-btn-93e7a1bba1d04549620165fa27ba9823:not(:hover) {\n  border-width: 0px;\n  padding: 12px 28px 12px 28px;\n}\n#default-btn-93e7a1bba1d04549620165fa27ba9823:hover {\n  border-width: 0px;\n  padding: 12px 28px 12px 28px;\n}\n#default-btn-93e7a1bba1d04549620165fa27ba9823.ico-right-side > i {\n  margin-right: 0px;\n  margin-left: 8px;\n}\n#default-btn-93e7a1bba1d04549620165fa27ba9823 > i {\n  margin-right: 8px;\n}\n<\/style><div class=\"btn-align-center\"><a href=\"https:\/\/www.temasteknoloji.com.tr\/en\/contact\/\" class=\"default-btn-shortcode dt-btn link-hover-off ico-right-side btn-flat \" id=\"default-btn-93e7a1bba1d04549620165fa27ba9823\" style=\"width:300px;\" title=\"Get in touch today\"><span>Get in touch today<\/span><i class=\"icomoon-the7-font-the7-phone-05\"><\/i><\/a><\/div>[\/vc_column][\/vc_row]<\/p>\n<\/div>","protected":false},"excerpt":{"rendered":"<p>[vc_row row_fullwidth=&#8221;&#8221; row_vertical_center=&#8221;&#8221; row_fullheight=&#8221;&#8221; row_zero_column_space=&#8221;&#8221; bg_parallax=&#8221;off&#8221; bg_slider=&#8221;off&#8221; bg_video=&#8221;off&#8221; bottom_button=&#8221;off&#8221; bottom_button_color=&#8221;#222222&#8243; css=&#8221;.vc_custom_1433756055472{margin-top: 2px !important;}&#8221;][vc_column width=&#8221;1\/2&#8243;][vc_single_image image=&#8221;15937&#8243; img_size=&#8221;full&#8221;][\/vc_column][vc_column width=&#8221;1\/2&#8243;][vc_column_text] Meeting Room Screens You can operate your conferences by using the information screens which designed for hotels, corporate companies and establishments which keeps more than one assembly halls. The system that integrated on MS Outlook reads the conference&hellip;<\/p>\n","protected":false},"author":1,"featured_media":1862,"parent":0,"menu_order":0,"comment_status":"closed","ping_status":"closed","template":"","meta":{"footnotes":""},"class_list":["post-2139","page","type-page","status-publish","has-post-thumbnail","hentry","description-off"],"yoast_head":"<!-- This site is optimized with the Yoast SEO plugin v26.1.1 - https:\/\/yoast.com\/wordpress\/plugins\/seo\/ -->\n<title>Meeting Room Screens | Digital Signage | TEMAS TEKNOLOJ\u0130<\/title>\n<meta name=\"robots\" content=\"index, follow, max-snippet:-1, max-image-preview:large, max-video-preview:-1\" \/>\n<link rel=\"canonical\" href=\"https:\/\/www.temasteknoloji.com.tr\/en\/meeting-room-screens\/\" \/>\n<meta property=\"og:locale\" content=\"en_US\" \/>\n<meta property=\"og:type\" content=\"article\" \/>\n<meta property=\"og:title\" content=\"Meeting Room Screens | Digital Signage | TEMAS TEKNOLOJ\u0130\" \/>\n<meta property=\"og:description\" content=\"[vc_row row_fullwidth=&#8221;&#8221; row_vertical_center=&#8221;&#8221; row_fullheight=&#8221;&#8221; row_zero_column_space=&#8221;&#8221; bg_parallax=&#8221;off&#8221; bg_slider=&#8221;off&#8221; bg_video=&#8221;off&#8221; bottom_button=&#8221;off&#8221; bottom_button_color=&#8221;#222222&#8243; css=&#8221;.vc_custom_1433756055472{margin-top: 2px !important;}&#8221;][vc_column width=&#8221;1\/2&#8243;][vc_single_image image=&#8221;15937&#8243; img_size=&#8221;full&#8221;][\/vc_column][vc_column width=&#8221;1\/2&#8243;][vc_column_text] Meeting Room Screens You can operate your conferences by using the information screens which designed for hotels, corporate companies and establishments which keeps more than one assembly halls. The system that integrated on MS Outlook reads the conference&hellip;\" \/>\n<meta property=\"og:url\" content=\"https:\/\/www.temasteknoloji.com.tr\/en\/meeting-room-screens\/\" \/>\n<meta property=\"og:site_name\" content=\"Digital Signage | TEMAS TEKNOLOJ\u0130\" \/>\n<meta property=\"article:publisher\" content=\"https:\/\/www.facebook.com\/temasteknolojitr\/\" \/>\n<meta property=\"article:modified_time\" content=\"2024-02-05T12:59:28+00:00\" \/>\n<meta property=\"og:image\" content=\"https:\/\/www.temasteknoloji.com.tr\/wp-content\/uploads\/2015\/06\/toplanti-odasi-ekranlari-onecikan.jpg\" \/>\n\t<meta property=\"og:image:width\" content=\"1000\" \/>\n\t<meta property=\"og:image:height\" content=\"1000\" \/>\n\t<meta property=\"og:image:type\" content=\"image\/jpeg\" \/>\n<meta name=\"twitter:card\" content=\"summary_large_image\" \/>\n<meta name=\"twitter:label1\" content=\"Est. reading time\" \/>\n\t<meta name=\"twitter:data1\" content=\"2 minutes\" \/>\n<script type=\"application\/ld+json\" class=\"yoast-schema-graph\">{\"@context\":\"https:\/\/schema.org\",\"@graph\":[{\"@type\":\"WebPage\",\"@id\":\"https:\/\/www.temasteknoloji.com.tr\/en\/meeting-room-screens\/\",\"url\":\"https:\/\/www.temasteknoloji.com.tr\/en\/meeting-room-screens\/\",\"name\":\"Meeting Room Screens | Digital Signage | TEMAS TEKNOLOJ\u0130\",\"isPartOf\":{\"@id\":\"https:\/\/www.temasteknoloji.com.tr\/en\/#website\"},\"primaryImageOfPage\":{\"@id\":\"https:\/\/www.temasteknoloji.com.tr\/en\/meeting-room-screens\/#primaryimage\"},\"image\":{\"@id\":\"https:\/\/www.temasteknoloji.com.tr\/en\/meeting-room-screens\/#primaryimage\"},\"thumbnailUrl\":\"https:\/\/www.temasteknoloji.com.tr\/wp-content\/uploads\/2015\/06\/toplanti-odasi-ekranlari-onecikan.jpg\",\"datePublished\":\"2015-06-20T07:40:26+00:00\",\"dateModified\":\"2024-02-05T12:59:28+00:00\",\"breadcrumb\":{\"@id\":\"https:\/\/www.temasteknoloji.com.tr\/en\/meeting-room-screens\/#breadcrumb\"},\"inLanguage\":\"en-US\",\"potentialAction\":[{\"@type\":\"ReadAction\",\"target\":[\"https:\/\/www.temasteknoloji.com.tr\/en\/meeting-room-screens\/\"]}]},{\"@type\":\"ImageObject\",\"inLanguage\":\"en-US\",\"@id\":\"https:\/\/www.temasteknoloji.com.tr\/en\/meeting-room-screens\/#primaryimage\",\"url\":\"https:\/\/www.temasteknoloji.com.tr\/wp-content\/uploads\/2015\/06\/toplanti-odasi-ekranlari-onecikan.jpg\",\"contentUrl\":\"https:\/\/www.temasteknoloji.com.tr\/wp-content\/uploads\/2015\/06\/toplanti-odasi-ekranlari-onecikan.jpg\",\"width\":1000,\"height\":1000},{\"@type\":\"BreadcrumbList\",\"@id\":\"https:\/\/www.temasteknoloji.com.tr\/en\/meeting-room-screens\/#breadcrumb\",\"itemListElement\":[{\"@type\":\"ListItem\",\"position\":1,\"name\":\"Ana Sayfa\",\"item\":\"https:\/\/www.temasteknoloji.com.tr\/en\/\"},{\"@type\":\"ListItem\",\"position\":2,\"name\":\"Meeting Room Screens\"}]},{\"@type\":\"WebSite\",\"@id\":\"https:\/\/www.temasteknoloji.com.tr\/en\/#website\",\"url\":\"https:\/\/www.temasteknoloji.com.tr\/en\/\",\"name\":\"Digital Signage, Video Konferans, Profesyonel G\u00f6r\u00fcnt\u00fc ve Ses Sistemleri\",\"description\":\"Digital Signage &amp; Digital Interactive Display Solutions\",\"publisher\":{\"@id\":\"https:\/\/www.temasteknoloji.com.tr\/en\/#organization\"},\"alternateName\":\"TEMAS TEKNOLOJ\u0130\",\"potentialAction\":[{\"@type\":\"SearchAction\",\"target\":{\"@type\":\"EntryPoint\",\"urlTemplate\":\"https:\/\/www.temasteknoloji.com.tr\/en\/?s={search_term_string}\"},\"query-input\":{\"@type\":\"PropertyValueSpecification\",\"valueRequired\":true,\"valueName\":\"search_term_string\"}}],\"inLanguage\":\"en-US\"},{\"@type\":\"Organization\",\"@id\":\"https:\/\/www.temasteknoloji.com.tr\/en\/#organization\",\"name\":\"Temas Teknoloji\",\"url\":\"https:\/\/www.temasteknoloji.com.tr\/en\/\",\"logo\":{\"@type\":\"ImageObject\",\"inLanguage\":\"en-US\",\"@id\":\"https:\/\/www.temasteknoloji.com.tr\/en\/#\/schema\/logo\/image\/\",\"url\":\"https:\/\/www.temasteknoloji.com.tr\/wp-content\/uploads\/2020\/01\/temaslogo1.png\",\"contentUrl\":\"https:\/\/www.temasteknoloji.com.tr\/wp-content\/uploads\/2020\/01\/temaslogo1.png\",\"width\":150,\"height\":43,\"caption\":\"Temas Teknoloji\"},\"image\":{\"@id\":\"https:\/\/www.temasteknoloji.com.tr\/en\/#\/schema\/logo\/image\/\"},\"sameAs\":[\"https:\/\/www.facebook.com\/temasteknolojitr\/\",\"https:\/\/www.linkedin.com\/company\/temastechnology\/\",\"https:\/\/www.instagram.com\/temasteknoloji\/\"]}]}<\/script>\n<!-- \/ Yoast SEO plugin. -->","yoast_head_json":{"title":"Meeting Room Screens | Digital Signage | TEMAS TEKNOLOJ\u0130","robots":{"index":"index","follow":"follow","max-snippet":"max-snippet:-1","max-image-preview":"max-image-preview:large","max-video-preview":"max-video-preview:-1"},"canonical":"https:\/\/www.temasteknoloji.com.tr\/en\/meeting-room-screens\/","og_locale":"en_US","og_type":"article","og_title":"Meeting Room Screens | Digital Signage | TEMAS TEKNOLOJ\u0130","og_description":"[vc_row row_fullwidth=&#8221;&#8221; row_vertical_center=&#8221;&#8221; row_fullheight=&#8221;&#8221; row_zero_column_space=&#8221;&#8221; bg_parallax=&#8221;off&#8221; bg_slider=&#8221;off&#8221; bg_video=&#8221;off&#8221; bottom_button=&#8221;off&#8221; bottom_button_color=&#8221;#222222&#8243; css=&#8221;.vc_custom_1433756055472{margin-top: 2px !important;}&#8221;][vc_column width=&#8221;1\/2&#8243;][vc_single_image image=&#8221;15937&#8243; img_size=&#8221;full&#8221;][\/vc_column][vc_column width=&#8221;1\/2&#8243;][vc_column_text] Meeting Room Screens You can operate your conferences by using the information screens which designed for hotels, corporate companies and establishments which keeps more than one assembly halls. The system that integrated on MS Outlook reads the conference&hellip;","og_url":"https:\/\/www.temasteknoloji.com.tr\/en\/meeting-room-screens\/","og_site_name":"Digital Signage | TEMAS TEKNOLOJ\u0130","article_publisher":"https:\/\/www.facebook.com\/temasteknolojitr\/","article_modified_time":"2024-02-05T12:59:28+00:00","og_image":[{"width":1000,"height":1000,"url":"https:\/\/www.temasteknoloji.com.tr\/wp-content\/uploads\/2015\/06\/toplanti-odasi-ekranlari-onecikan.jpg","type":"image\/jpeg"}],"twitter_card":"summary_large_image","twitter_misc":{"Est. reading time":"2 minutes"},"schema":{"@context":"https:\/\/schema.org","@graph":[{"@type":"WebPage","@id":"https:\/\/www.temasteknoloji.com.tr\/en\/meeting-room-screens\/","url":"https:\/\/www.temasteknoloji.com.tr\/en\/meeting-room-screens\/","name":"Meeting Room Screens | Digital Signage | TEMAS TEKNOLOJ\u0130","isPartOf":{"@id":"https:\/\/www.temasteknoloji.com.tr\/en\/#website"},"primaryImageOfPage":{"@id":"https:\/\/www.temasteknoloji.com.tr\/en\/meeting-room-screens\/#primaryimage"},"image":{"@id":"https:\/\/www.temasteknoloji.com.tr\/en\/meeting-room-screens\/#primaryimage"},"thumbnailUrl":"https:\/\/www.temasteknoloji.com.tr\/wp-content\/uploads\/2015\/06\/toplanti-odasi-ekranlari-onecikan.jpg","datePublished":"2015-06-20T07:40:26+00:00","dateModified":"2024-02-05T12:59:28+00:00","breadcrumb":{"@id":"https:\/\/www.temasteknoloji.com.tr\/en\/meeting-room-screens\/#breadcrumb"},"inLanguage":"en-US","potentialAction":[{"@type":"ReadAction","target":["https:\/\/www.temasteknoloji.com.tr\/en\/meeting-room-screens\/"]}]},{"@type":"ImageObject","inLanguage":"en-US","@id":"https:\/\/www.temasteknoloji.com.tr\/en\/meeting-room-screens\/#primaryimage","url":"https:\/\/www.temasteknoloji.com.tr\/wp-content\/uploads\/2015\/06\/toplanti-odasi-ekranlari-onecikan.jpg","contentUrl":"https:\/\/www.temasteknoloji.com.tr\/wp-content\/uploads\/2015\/06\/toplanti-odasi-ekranlari-onecikan.jpg","width":1000,"height":1000},{"@type":"BreadcrumbList","@id":"https:\/\/www.temasteknoloji.com.tr\/en\/meeting-room-screens\/#breadcrumb","itemListElement":[{"@type":"ListItem","position":1,"name":"Ana Sayfa","item":"https:\/\/www.temasteknoloji.com.tr\/en\/"},{"@type":"ListItem","position":2,"name":"Meeting Room Screens"}]},{"@type":"WebSite","@id":"https:\/\/www.temasteknoloji.com.tr\/en\/#website","url":"https:\/\/www.temasteknoloji.com.tr\/en\/","name":"Digital Signage, Video Konferans, Profesyonel G\u00f6r\u00fcnt\u00fc ve Ses Sistemleri","description":"Digital Signage &amp; Digital Interactive Display Solutions","publisher":{"@id":"https:\/\/www.temasteknoloji.com.tr\/en\/#organization"},"alternateName":"TEMAS TEKNOLOJ\u0130","potentialAction":[{"@type":"SearchAction","target":{"@type":"EntryPoint","urlTemplate":"https:\/\/www.temasteknoloji.com.tr\/en\/?s={search_term_string}"},"query-input":{"@type":"PropertyValueSpecification","valueRequired":true,"valueName":"search_term_string"}}],"inLanguage":"en-US"},{"@type":"Organization","@id":"https:\/\/www.temasteknoloji.com.tr\/en\/#organization","name":"Temas Teknoloji","url":"https:\/\/www.temasteknoloji.com.tr\/en\/","logo":{"@type":"ImageObject","inLanguage":"en-US","@id":"https:\/\/www.temasteknoloji.com.tr\/en\/#\/schema\/logo\/image\/","url":"https:\/\/www.temasteknoloji.com.tr\/wp-content\/uploads\/2020\/01\/temaslogo1.png","contentUrl":"https:\/\/www.temasteknoloji.com.tr\/wp-content\/uploads\/2020\/01\/temaslogo1.png","width":150,"height":43,"caption":"Temas Teknoloji"},"image":{"@id":"https:\/\/www.temasteknoloji.com.tr\/en\/#\/schema\/logo\/image\/"},"sameAs":["https:\/\/www.facebook.com\/temasteknolojitr\/","https:\/\/www.linkedin.com\/company\/temastechnology\/","https:\/\/www.instagram.com\/temasteknoloji\/"]}]}},"_links":{"self":[{"href":"https:\/\/www.temasteknoloji.com.tr\/en\/wp-json\/wp\/v2\/pages\/2139","targetHints":{"allow":["GET"]}}],"collection":[{"href":"https:\/\/www.temasteknoloji.com.tr\/en\/wp-json\/wp\/v2\/pages"}],"about":[{"href":"https:\/\/www.temasteknoloji.com.tr\/en\/wp-json\/wp\/v2\/types\/page"}],"author":[{"embeddable":true,"href":"https:\/\/www.temasteknoloji.com.tr\/en\/wp-json\/wp\/v2\/users\/1"}],"replies":[{"embeddable":true,"href":"https:\/\/www.temasteknoloji.com.tr\/en\/wp-json\/wp\/v2\/comments?post=2139"}],"version-history":[{"count":3,"href":"https:\/\/www.temasteknoloji.com.tr\/en\/wp-json\/wp\/v2\/pages\/2139\/revisions"}],"predecessor-version":[{"id":56891,"href":"https:\/\/www.temasteknoloji.com.tr\/en\/wp-json\/wp\/v2\/pages\/2139\/revisions\/56891"}],"wp:featuredmedia":[{"embeddable":true,"href":"https:\/\/www.temasteknoloji.com.tr\/en\/wp-json\/wp\/v2\/media\/1862"}],"wp:attachment":[{"href":"https:\/\/www.temasteknoloji.com.tr\/en\/wp-json\/wp\/v2\/media?parent=2139"}],"curies":[{"name":"wp","href":"https:\/\/api.w.org\/{rel}","templated":true}]}}